{"id":9355,"date":"2025-09-09T09:32:49","date_gmt":"2025-09-09T09:32:49","guid":{"rendered":"https:\/\/mtchallenge-westbalkan.com\/al\/?page_id=9355"},"modified":"2025-09-09T09:38:22","modified_gmt":"2025-09-09T09:38:22","slug":"orari","status":"publish","type":"page","link":"https:\/\/mtchallenge-westbalkan.com\/al\/orari\/","title":{"rendered":"Orari"},"content":{"rendered":"\t\t<div data-elementor-type=\"wp-page\" data-elementor-id=\"9355\" class=\"elementor elementor-9355\">\n\t\t\t\t        <section class=\"elementor-section elementor-top-section elementor-element elementor-element-8201901 elementor-section-boxed elementor-section-height-default elementor-section-height-default pxl-type-header-none pxl-section-smoke_particles-no pxl-row-scroll-none\" data-id=\"8201901\" data-element_type=\"section\">\n\n                \n                <div class=\"elementor-container elementor-column-gap-default \">\n                <div class=\"elementor-column elementor-col-100 elementor-top-column elementor-element elementor-element-b974d35 pxl-column-element-default pxl-column-none\" data-id=\"b974d35\" data-element_type=\"column\">\r\n        <div class=\"elementor-widget-wrap elementor-element-populated\">\r\n                     \r\n        \t\t<div class=\"elementor-element elementor-element-13eb0a5 elementor-widget elementor-widget-pxl_heading\" data-id=\"13eb0a5\" data-element_type=\"widget\" data-widget_type=\"pxl_heading.default\">\n\t\t\t\t<div class=\"elementor-widget-container\">\n\t\t\t\t\t<div id=\"pxl-pxl_heading-13eb0a5-1976\" class=\"pxl-heading px-sub-title-default-style\">\n\t<div class=\"pxl-heading--inner\">\n\t\t\n\t\t\t\t\t<div class=\"pxl-item--subtitle px-sub-title-default \" data-wow-delay=\"ms\">\n\t\t\t\t<span class=\"pxl-item--subtext\">\n\t\t\t\t\t\t\t\t\t\tZLATIBOR - 13.09.2025.\t\t\t\t\t<span class=\"pxl-item--subdivider\"><\/span>\n\t\t\t\t<\/span>\n\t\t\t<\/div>\n\t\t\n\t\t<h3 class=\"pxl-item--title pxl-split-text split-in-left \" data-wow-delay=\"ms\">\n\t\t\t\t\t\t\t<cite>Orari<\/cite> i MT Challenge-it\t\t\n\t\t\t\t\n\t\t<\/h3>\n\n\t\t\n\t\t\n\t\t\t\t\t\t\t\t\t\t\t<div class=\"px-divider--wrap \">\n\t\t\t\t<div class=\"px-title--divider px-title--divider6\"><span><\/span><\/div>\n\t\t\t<\/div>\n\t\t\t<\/div>\n<\/div>\t\t\t\t<\/div>\n\t\t\t\t<\/div>\n\t\t            <\/div>\r\n        <\/div>\r\n        \t\t\t<\/div>\n\t\t<\/section>\n\t\t        <section class=\"elementor-section elementor-top-section elementor-element elementor-element-d04d7dd elementor-section-full_width elementor-section-height-default elementor-section-height-default pxl-type-header-none pxl-section-offset-none pxl-section-smoke_particles-no pxl-row-scroll-none\" data-id=\"d04d7dd\" data-element_type=\"section\">\n\n                \n                <div class=\"elementor-container elementor-column-gap-default \">\n                <div class=\"elementor-column elementor-col-100 elementor-top-column elementor-element elementor-element-9aeaaa3 pxl-column-element-default pxl-column-none\" data-id=\"9aeaaa3\" data-element_type=\"column\">\r\n        <div class=\"elementor-widget-wrap elementor-element-populated\">\r\n                     \r\n                <section class=\"elementor-section elementor-inner-section elementor-element elementor-element-feb0116 elementor-section-full_width elementor-section-height-default elementor-section-height-default pxl-type-header-none pxl-section-offset-none pxl-section-smoke_particles-no pxl-row-scroll-none\" data-id=\"feb0116\" data-element_type=\"section\" data-settings=\"{&quot;background_background&quot;:&quot;classic&quot;}\">\n\n                \n                <div class=\"elementor-container elementor-column-gap-extended \">\n                <div class=\"elementor-column elementor-col-100 elementor-inner-column elementor-element elementor-element-8e85b7d pxl-column-element-default pxl-column-none\" data-id=\"8e85b7d\" data-element_type=\"column\">\r\n        <div class=\"elementor-widget-wrap elementor-element-populated\">\r\n                     \r\n        \t\t<div class=\"elementor-element elementor-element-60c9542 elementor-widget elementor-widget-spacer\" data-id=\"60c9542\" data-element_type=\"widget\" data-widget_type=\"spacer.default\">\n\t\t\t\t<div class=\"elementor-widget-container\">\n\t\t\t\t\t\t\t<div class=\"elementor-spacer\">\n\t\t\t<div class=\"elementor-spacer-inner\"><\/div>\n\t\t<\/div>\n\t\t\t\t\t\t<\/div>\n\t\t\t\t<\/div>\n\t\t\t\t<div class=\"elementor-element elementor-element-92f878f elementor-widget__width-inherit elementor-invisible elementor-widget elementor-widget-pxl_image\" data-id=\"92f878f\" data-element_type=\"widget\" data-settings=\"{&quot;_animation&quot;:&quot;fadeInLeft&quot;}\" data-widget_type=\"pxl_image.default\">\n\t\t\t\t<div class=\"elementor-widget-container\">\n\t\t\t\t\t<div class=\"pxl-image-single  \" data-wow-delay=\"ms\">\r\n                                        <div class=\"pxl-item--inner\">\r\n                                            <img decoding=\"async\" width=\"70\" height=\"35\" src=\"https:\/\/mtchallenge-westbalkan.com\/al\/wp-content\/uploads\/2025\/09\/Icon-right.png\" class=\"no-lazyload attachment-full\" alt=\"\" \/>                                    <\/div>\r\n                        <\/div>\t\t\t\t<\/div>\n\t\t\t\t<\/div>\n\t\t\t\t<div class=\"elementor-element elementor-element-5459854 elementor-widget elementor-widget-pxl_link\" data-id=\"5459854\" data-element_type=\"widget\" data-widget_type=\"pxl_link.default\">\n\t\t\t\t<div class=\"elementor-widget-container\">\n\t\t\t\t\t    <ul class=\"pxl-link pxl-link-l1 pxl-block wow swing \" data-wow-delay=\"ms\">\r\n                        <li class=\"wow swing\">\r\n                    <a >\r\n                        <i aria-hidden=\"true\" class=\"far fa-angle-double-right\"><\/i>                        <span><strong>09:00 - 10:00<\/strong> -  Regjistrimi dhe kontrolli teknik<\/span>\r\n                    <\/a>\r\n                <\/li>\r\n                        <li class=\"wow swing\">\r\n                    <a >\r\n                        <i aria-hidden=\"true\" class=\"far fa-angle-double-right\"><\/i>                        <span><strong>10:00 - 10:30<\/strong> - Brifingu dhe njohja me pist\u00ebn<\/span>\r\n                    <\/a>\r\n                <\/li>\r\n                        <li class=\"wow swing\">\r\n                    <a >\r\n                        <i aria-hidden=\"true\" class=\"far fa-angle-double-right\"><\/i>                        <span><strong>10:30 - 11:00<\/strong> - St\u00ebrvitje e lir\u00eb<\/span>\r\n                    <\/a>\r\n                <\/li>\r\n                        <li class=\"wow swing\">\r\n                    <a >\r\n                        <i aria-hidden=\"true\" class=\"far fa-angle-double-right\"><\/i>                        <span><strong>11:00<\/strong> - Prologu<\/span>\r\n                    <\/a>\r\n                <\/li>\r\n                        <li class=\"wow swing\">\r\n                    <a >\r\n                        <i aria-hidden=\"true\" class=\"far fa-angle-double-right\"><\/i>                        <span><strong>13:00<\/strong> - Vozitje n\u00eb pyll<\/span>\r\n                    <\/a>\r\n                <\/li>\r\n                        <li class=\"wow swing\">\r\n                    <a >\r\n                        <i aria-hidden=\"true\" class=\"far fa-angle-double-right\"><\/i>                        <span><strong>16:30<\/strong> - Shpallja e fituesve<\/span>\r\n                    <\/a>\r\n                <\/li>\r\n                        <li class=\"wow swing\">\r\n                    <a >\r\n                        <i aria-hidden=\"true\" class=\"far fa-angle-double-right\"><\/i>                        <span><strong>17:00<\/strong> - Shoq\u00ebrim me DJ-n\u00eb dhe hitet m\u00eb t\u00eb reja<\/span>\r\n                    <\/a>\r\n                <\/li>\r\n            <\/ul>\r\n\t\t\t\t<\/div>\n\t\t\t\t<\/div>\n\t\t\t\t<div class=\"elementor-element elementor-element-abf1aed elementor-invisible elementor-widget elementor-widget-text-editor\" data-id=\"abf1aed\" data-element_type=\"widget\" data-settings=\"{&quot;_animation&quot;:&quot;fadeInLeft&quot;,&quot;_animation_delay&quot;:1000}\" data-widget_type=\"text-editor.default\">\n\t\t\t\t<div class=\"elementor-widget-container\">\n\t\t\t\t\t\t\t\t\t<p><strong>*\u00a0<em data-start=\"385\" data-end=\"482\">Organizatori ruan t\u00eb drejt\u00ebn p\u00ebr t\u00eb ndryshuar orarin, p\u00ebr \u00e7ka garuesit do t\u00eb njoftohen me koh\u00eb<\/em><\/strong><\/p>\t\t\t\t\t\t\t\t<\/div>\n\t\t\t\t<\/div>\n\t\t\t\t<div class=\"elementor-element elementor-element-73e85b1 elementor-widget elementor-widget-spacer\" data-id=\"73e85b1\" data-element_type=\"widget\" data-widget_type=\"spacer.default\">\n\t\t\t\t<div class=\"elementor-widget-container\">\n\t\t\t\t\t\t\t<div class=\"elementor-spacer\">\n\t\t\t<div class=\"elementor-spacer-inner\"><\/div>\n\t\t<\/div>\n\t\t\t\t\t\t<\/div>\n\t\t\t\t<\/div>\n\t\t            <\/div>\r\n        <\/div>\r\n        \t\t\t<\/div>\n\t\t<\/section>\n\t\t            <\/div>\r\n        <\/div>\r\n        \t\t\t<\/div>\n\t\t<\/section>\n\t\t        <section class=\"elementor-section elementor-top-section elementor-element elementor-element-51d665f elementor-section-boxed elementor-section-height-default elementor-section-height-default pxl-type-header-none pxl-section-smoke_particles-no pxl-row-scroll-none\" data-id=\"51d665f\" data-element_type=\"section\">\n\n                \n                <div class=\"elementor-container elementor-column-gap-extended \">\n                <div class=\"elementor-column elementor-col-100 elementor-top-column elementor-element elementor-element-5876c61 pxl-column-element-default pxl-column-none\" data-id=\"5876c61\" data-element_type=\"column\">\r\n        <div class=\"elementor-widget-wrap elementor-element-populated\">\r\n                     \r\n        \t\t<div class=\"elementor-element elementor-element-a1fdb15 elementor-widget elementor-widget-spacer\" data-id=\"a1fdb15\" data-element_type=\"widget\" data-widget_type=\"spacer.default\">\n\t\t\t\t<div class=\"elementor-widget-container\">\n\t\t\t\t\t\t\t<div class=\"elementor-spacer\">\n\t\t\t<div class=\"elementor-spacer-inner\"><\/div>\n\t\t<\/div>\n\t\t\t\t\t\t<\/div>\n\t\t\t\t<\/div>\n\t\t\t\t<div class=\"elementor-element elementor-element-cee9686 elementor-align-center elementor-widget__width-inherit e-transform elementor-invisible elementor-widget elementor-widget-pxl_button_theme\" data-id=\"cee9686\" data-element_type=\"widget\" data-settings=\"{&quot;_animation&quot;:&quot;tada&quot;,&quot;_transform_scale_effect&quot;:{&quot;unit&quot;:&quot;px&quot;,&quot;size&quot;:1.4,&quot;sizes&quot;:[]},&quot;_transform_scale_effect_mobile&quot;:{&quot;unit&quot;:&quot;px&quot;,&quot;size&quot;:1,&quot;sizes&quot;:[]},&quot;_transform_scale_effect_laptop&quot;:{&quot;unit&quot;:&quot;px&quot;,&quot;size&quot;:&quot;&quot;,&quot;sizes&quot;:[]},&quot;_transform_scale_effect_tablet_extra&quot;:{&quot;unit&quot;:&quot;px&quot;,&quot;size&quot;:&quot;&quot;,&quot;sizes&quot;:[]},&quot;_transform_scale_effect_tablet&quot;:{&quot;unit&quot;:&quot;px&quot;,&quot;size&quot;:&quot;&quot;,&quot;sizes&quot;:[]},&quot;_transform_scale_effect_mobile_extra&quot;:{&quot;unit&quot;:&quot;px&quot;,&quot;size&quot;:&quot;&quot;,&quot;sizes&quot;:[]}}\" data-widget_type=\"pxl_button_theme.default\">\n\t\t\t\t<div class=\"elementor-widget-container\">\n\t\t\t\t\t<div class=\"pxl-button-theme\">\r\n    <a class=\"btn  wow pulse\" href=\"https:\/\/mtchallenge-westbalkan.com\/al\/regjistrime-per-mt-challenge\/\" data-wow-delay=\"ms\">\r\n        <i aria-hidden=\"true\" class=\"bootstrap-icons bi-arrow-right\"><\/i>        <span class=\"pxl--btn-text\" data-text=\"REGJISTROHU MENJ\u00cbHER\u00cb\">\r\n            REGJISTROHU MENJ\u00cbHER\u00cb        <\/span>\r\n        <i class=\"pxl-icon-plus\"><\/i>\r\n    <\/a>\r\n<\/div>\t\t\t\t<\/div>\n\t\t\t\t<\/div>\n\t\t            <\/div>\r\n        <\/div>\r\n        \t\t\t<\/div>\n\t\t<\/section>\n\t\t\t\t<\/div>\n\t\t","protected":false},"excerpt":{"rendered":"<p>ZLATIBOR &#8211; 13.09.2025. Orari i MT Challenge-it 09:00 &#8211; 10:00 &#8211; Regjistrimi dhe kontrolli teknik 10:00 &#8211; 10:30 &#8211; Brifingu dhe njohja me pist\u00ebn 10:30 &#8211; 11:00 &#8211; St\u00ebrvitje e lir\u00eb 11:00 &#8211; Prologu 13:00 &#8211; Vozitje n\u00eb pyll 16:30 &#8211; Shpallja e fituesve 17:00 &#8211; Shoq\u00ebrim me DJ-n\u00eb dhe hitet m\u00eb t\u00eb reja *\u00a0Organizatori [&hellip;]<\/p>\n","protected":false},"author":1,"featured_media":9123,"parent":0,"menu_order":0,"comment_status":"closed","ping_status":"closed","template":"","meta":{"footnotes":""},"class_list":["post-9355","page","type-page","status-publish","has-post-thumbnail","hentry"],"_links":{"self":[{"href":"https:\/\/mtchallenge-westbalkan.com\/al\/wp-json\/wp\/v2\/pages\/9355","targetHints":{"allow":["GET"]}}],"collection":[{"href":"https:\/\/mtchallenge-westbalkan.com\/al\/wp-json\/wp\/v2\/pages"}],"about":[{"href":"https:\/\/mtchallenge-westbalkan.com\/al\/wp-json\/wp\/v2\/types\/page"}],"author":[{"embeddable":true,"href":"https:\/\/mtchallenge-westbalkan.com\/al\/wp-json\/wp\/v2\/users\/1"}],"replies":[{"embeddable":true,"href":"https:\/\/mtchallenge-westbalkan.com\/al\/wp-json\/wp\/v2\/comments?post=9355"}],"version-history":[{"count":4,"href":"https:\/\/mtchallenge-westbalkan.com\/al\/wp-json\/wp\/v2\/pages\/9355\/revisions"}],"predecessor-version":[{"id":9361,"href":"https:\/\/mtchallenge-westbalkan.com\/al\/wp-json\/wp\/v2\/pages\/9355\/revisions\/9361"}],"wp:featuredmedia":[{"embeddable":true,"href":"https:\/\/mtchallenge-westbalkan.com\/al\/wp-json\/wp\/v2\/media\/9123"}],"wp:attachment":[{"href":"https:\/\/mtchallenge-westbalkan.com\/al\/wp-json\/wp\/v2\/media?parent=9355"}],"curies":[{"name":"wp","href":"https:\/\/api.w.org\/{rel}","templated":true}]}}