{"id":9191,"date":"2025-08-21T16:39:35","date_gmt":"2025-08-21T16:39:35","guid":{"rendered":"https:\/\/mtchallenge-westbalkan.com\/al\/?page_id=9191"},"modified":"2025-09-15T07:55:37","modified_gmt":"2025-09-15T07:55:37","slug":"rentiranje","status":"publish","type":"page","link":"https:\/\/mtchallenge-westbalkan.com\/al\/rentiranje\/","title":{"rendered":"Marrja me qira e motorit MT"},"content":{"rendered":"\t\t<div data-elementor-type=\"wp-page\" data-elementor-id=\"9191\" class=\"elementor elementor-9191\">\n\t\t\t\t        <section class=\"elementor-section elementor-top-section elementor-element elementor-element-7e624e0 elementor-section-boxed elementor-section-height-default elementor-section-height-default pxl-type-header-none pxl-section-smoke_particles-no pxl-row-scroll-none\" data-id=\"7e624e0\" data-element_type=\"section\">\n\n                \n                <div class=\"elementor-container elementor-column-gap-default \">\n                <div class=\"elementor-column elementor-col-100 elementor-top-column elementor-element elementor-element-45515d5 pxl-column-element-default pxl-column-none\" data-id=\"45515d5\" data-element_type=\"column\">\r\n        <div class=\"elementor-widget-wrap elementor-element-populated\">\r\n                     \r\n        \t\t<div class=\"elementor-element elementor-element-54520ab elementor-widget elementor-widget-pxl_heading\" data-id=\"54520ab\" data-element_type=\"widget\" data-widget_type=\"pxl_heading.default\">\n\t\t\t\t<div class=\"elementor-widget-container\">\n\t\t\t\t\t<div id=\"pxl-pxl_heading-54520ab-4304\" class=\"pxl-heading px-sub-title-default-style\">\n\t<div class=\"pxl-heading--inner\">\n\t\t\n\t\t\t\t\t<div class=\"pxl-item--subtitle px-sub-title-default \" data-wow-delay=\"ms\">\n\t\t\t\t<span class=\"pxl-item--subtext\">\n\t\t\t\t\t\t\t\t\t\tZLATIBOR, SERBI - 13.09.2025.\t\t\t\t\t<span class=\"pxl-item--subdivider\"><\/span>\n\t\t\t\t<\/span>\n\t\t\t<\/div>\n\t\t\n\t\t<h3 class=\"pxl-item--title pxl-split-text split-in-left \" data-wow-delay=\"ms\">\n\t\t\t\t\t\t\tMerr me qira motorin p\u00ebr <cite>MT Challenge<\/cite>\t\t\n\t\t\t\t\n\t\t<\/h3>\n\n\t\t\n\t\t\n\t\t\t\t\t\t\t\t\t\t\t<div class=\"px-divider--wrap \">\n\t\t\t\t<div class=\"px-title--divider px-title--divider6\"><span><\/span><\/div>\n\t\t\t<\/div>\n\t\t\t<\/div>\n<\/div>\t\t\t\t<\/div>\n\t\t\t\t<\/div>\n\t\t\t\t<div class=\"elementor-element elementor-element-82df982 elementor-widget elementor-widget-text-editor\" data-id=\"82df982\" data-element_type=\"widget\" data-widget_type=\"text-editor.default\">\n\t\t\t\t<div class=\"elementor-widget-container\">\n\t\t\t\t\t\t\t\t\t<h5>N\u00eb dispozicion jan\u00eb 3 nj\u00ebsi <strong data-start=\"67\" data-end=\"76\">450MT<\/strong> dhe <strong data-start=\"81\" data-end=\"92\">800MT-X<\/strong> (gjithsej 6), me \u00e7mim prej <strong data-start=\"120\" data-end=\"131\">250 EUR<\/strong> p\u00ebr 450MT dhe <strong data-start=\"146\" data-end=\"157\">350 EUR<\/strong> p\u00ebr 800MT-X.<\/h5>\t\t\t\t\t\t\t\t<\/div>\n\t\t\t\t<\/div>\n\t\t            <\/div>\r\n        <\/div>\r\n        \t\t\t<\/div>\n\t\t<\/section>\n\t\t        <section class=\"elementor-section elementor-top-section elementor-element elementor-element-bad7550 elementor-section-full_width elementor-section-height-default elementor-section-height-default pxl-type-header-none pxl-section-offset-none pxl-section-smoke_particles-no pxl-row-scroll-none\" data-id=\"bad7550\" data-element_type=\"section\">\n\n                \n                <div class=\"elementor-container elementor-column-gap-default \">\n                <div class=\"elementor-column elementor-col-100 elementor-top-column elementor-element elementor-element-19c42d5 pxl-column-element-default pxl-column-none\" data-id=\"19c42d5\" data-element_type=\"column\">\r\n        <div class=\"elementor-widget-wrap elementor-element-populated\">\r\n                     \r\n                <section class=\"elementor-section elementor-inner-section elementor-element elementor-element-b4d7947 elementor-section-full_width elementor-section-height-default elementor-section-height-default pxl-type-header-none pxl-section-offset-none pxl-section-smoke_particles-no pxl-row-scroll-none\" data-id=\"b4d7947\" data-element_type=\"section\" data-settings=\"{&quot;background_background&quot;:&quot;classic&quot;}\">\n\n                \n                <div class=\"elementor-container elementor-column-gap-extended \">\n                <div class=\"elementor-column elementor-col-50 elementor-inner-column elementor-element elementor-element-808e7eb pxl-column-element-default pxl-column-none\" data-id=\"808e7eb\" data-element_type=\"column\">\r\n        <div class=\"elementor-widget-wrap elementor-element-populated\">\r\n                     \r\n        \t\t<div class=\"elementor-element elementor-element-35bbc00 elementor-widget elementor-widget-spacer\" data-id=\"35bbc00\" data-element_type=\"widget\" data-widget_type=\"spacer.default\">\n\t\t\t\t<div class=\"elementor-widget-container\">\n\t\t\t\t\t\t\t<div class=\"elementor-spacer\">\n\t\t\t<div class=\"elementor-spacer-inner\"><\/div>\n\t\t<\/div>\n\t\t\t\t\t\t<\/div>\n\t\t\t\t<\/div>\n\t\t\t\t<div class=\"elementor-element elementor-element-8f5e787 elementor-widget__width-inherit elementor-widget elementor-widget-pxl_image\" data-id=\"8f5e787\" data-element_type=\"widget\" data-widget_type=\"pxl_image.default\">\n\t\t\t\t<div class=\"elementor-widget-container\">\n\t\t\t\t\t<div class=\"pxl-image-single  \" data-wow-delay=\"ms\">\r\n                                        <div class=\"pxl-item--inner\">\r\n                                            <img decoding=\"async\" width=\"70\" height=\"35\" src=\"https:\/\/mtchallenge-westbalkan.com\/al\/wp-content\/uploads\/2024\/10\/Icon-right.png\" class=\"no-lazyload attachment-full\" alt=\"\" \/>                                    <\/div>\r\n                        <\/div>\t\t\t\t<\/div>\n\t\t\t\t<\/div>\n\t\t\t\t<div class=\"elementor-element elementor-element-0b68f75 elementor-widget elementor-widget-spacer\" data-id=\"0b68f75\" data-element_type=\"widget\" data-widget_type=\"spacer.default\">\n\t\t\t\t<div class=\"elementor-widget-container\">\n\t\t\t\t\t\t\t<div class=\"elementor-spacer\">\n\t\t\t<div class=\"elementor-spacer-inner\"><\/div>\n\t\t<\/div>\n\t\t\t\t\t\t<\/div>\n\t\t\t\t<\/div>\n\t\t            <\/div>\r\n        <\/div>\r\n                <div class=\"elementor-column elementor-col-50 elementor-inner-column elementor-element elementor-element-1537d73 pxl-column-element-default pxl-column-none\" data-id=\"1537d73\" data-element_type=\"column\">\r\n        <div class=\"elementor-widget-wrap elementor-element-populated\">\r\n                     \r\n                <section class=\"elementor-section elementor-inner-section elementor-element elementor-element-12c8c81 elementor-section-boxed elementor-section-height-default elementor-section-height-default pxl-type-header-none pxl-section-smoke_particles-no pxl-row-scroll-none\" data-id=\"12c8c81\" data-element_type=\"section\">\n\n                \n                <div class=\"elementor-container elementor-column-gap-no \">\n                <div class=\"elementor-column elementor-col-100 elementor-inner-column elementor-element elementor-element-533066a pxl-column-element-default pxl-column-none\" data-id=\"533066a\" data-element_type=\"column\">\r\n        <div class=\"elementor-widget-wrap elementor-element-populated\">\r\n                     \r\n        \t\t<div class=\"elementor-element elementor-element-91f8f63 elementor-widget elementor-widget-spacer\" data-id=\"91f8f63\" data-element_type=\"widget\" data-widget_type=\"spacer.default\">\n\t\t\t\t<div class=\"elementor-widget-container\">\n\t\t\t\t\t\t\t<div class=\"elementor-spacer\">\n\t\t\t<div class=\"elementor-spacer-inner\"><\/div>\n\t\t<\/div>\n\t\t\t\t\t\t<\/div>\n\t\t\t\t<\/div>\n\t\t\t\t<div class=\"elementor-element elementor-element-22458f3 elementor-widget elementor-widget-pxl_heading\" data-id=\"22458f3\" data-element_type=\"widget\" data-widget_type=\"pxl_heading.default\">\n\t\t\t\t<div class=\"elementor-widget-container\">\n\t\t\t\t\t<div id=\"pxl-pxl_heading-22458f3-2260\" class=\"pxl-heading px-sub-title-default-style\">\n\t<div class=\"pxl-heading--inner\">\n\t\t\n\t\t\n\t\t<h3 class=\"pxl-item--title  \" data-wow-delay=\"ms\">\n\t\t\t\t\t\t\tNUK KE MT POR D\u00cbSHIRON T\u00cb MARR\u00cbSH PJES\u00cb \u2013 DO T\u00cb T\u00cb NDIHMOJM\u00cb, DO TA MARR\u00cbSH ME QIRA!\t\t\n\t\t\t\t\n\t\t<\/h3>\n\n\t\t\n\t\t\n\t\t\t\t\t\t\t\t\t<\/div>\n<\/div>\t\t\t\t<\/div>\n\t\t\t\t<\/div>\n\t\t\t\t<div class=\"elementor-element elementor-element-8653965 elementor-widget elementor-widget-pxl_text_editor\" data-id=\"8653965\" data-element_type=\"widget\" data-widget_type=\"pxl_text_editor.default\">\n\t\t\t\t<div class=\"elementor-widget-container\">\n\t\t\t\t\t<div class=\"pxl-text-editor \">\n\t<div class=\"pxl-item--inner \" data-wow-delay=\"ms\">\n\t\t<p data-start=\"39\" data-end=\"89\"><strong data-start=\"39\" data-end=\"87\">Rezervo motorin MT dhe hyr n\u00eb gar\u00eb pa stres.<\/strong><\/p><p data-start=\"91\" data-end=\"449\">N\u00eb dispozicion jan\u00eb modele <strong data-start=\"118\" data-end=\"131\">CFMOTO MT<\/strong> t\u00eb p\u00ebrgatitura me kujdes (sipas disponueshm\u00ebris\u00eb), t\u00eb servisuara para ngjarjes dhe gati p\u00ebr poligon dhe gar\u00ebn Adventure. Ekipi n\u00eb vend siguron nj\u00eb prezantim t\u00eb shkurt\u00ebr me motorin, asistenc\u00eb teknike gjat\u00eb dit\u00ebs dhe kontroll t\u00eb shpejt\u00eb pas \u00e7do sesioni, n\u00eb m\u00ebnyr\u00eb q\u00eb ti t\u00eb p\u00ebrqendrohesh vet\u00ebm n\u00eb vozitje dhe rezultat.<\/p><p data-start=\"451\" data-end=\"604\"><strong data-start=\"451\" data-end=\"486\">\u00c7far\u00eb fiton me marrjen me qira:<\/strong> motor MT t\u00eb p\u00ebrgatitur, mb\u00ebshtetje teknike n\u00eb lokacion, ngjit\u00ebsa starti dhe dor\u00ebzim\/pranim t\u00eb shpejt\u00eb para startit.<\/p><p data-start=\"606\" data-end=\"937\"><strong data-start=\"606\" data-end=\"636\">Kushtet e marrjes me qira:<\/strong> kategori A e vlefshme dhe dokument personal, pajisje mbrojt\u00ebse t\u00eb homologuara personale (helmet\u00eb, \u00e7izme, doreza, xhaket\u00eb\/pantallona), n\u00ebnshkrimi i deklarat\u00ebs s\u00eb p\u00ebrgjegj\u00ebsis\u00eb dhe rregullat e ngjarjes. Numri i motor\u00ebve \u00ebsht\u00eb i kufizuar \u2014 rezervimi \u00ebsht\u00eb i vlefsh\u00ebm vet\u00ebm pas konfirmimit dhe pages\u00ebs.<\/p><p data-start=\"939\" data-end=\"1068\" data-is-last-node=\"\" data-is-only-node=\"\"><strong data-start=\"939\" data-end=\"1058\">P\u00ebrgatitu p\u00ebr udh\u00ebtimin n\u00eb Australi. Zgjidh motorin t\u00ebnd MT, fito poligonin dhe afrohu finales s\u00eb madhe n\u00eb Melburn<\/strong><\/p>\t<\/div>\n<\/div>\t\t\t\t<\/div>\n\t\t\t\t<\/div>\n\t\t\t\t<div class=\"elementor-element elementor-element-9930339 elementor-widget elementor-widget-spacer\" data-id=\"9930339\" data-element_type=\"widget\" data-widget_type=\"spacer.default\">\n\t\t\t\t<div class=\"elementor-widget-container\">\n\t\t\t\t\t\t\t<div class=\"elementor-spacer\">\n\t\t\t<div class=\"elementor-spacer-inner\"><\/div>\n\t\t<\/div>\n\t\t\t\t\t\t<\/div>\n\t\t\t\t<\/div>\n\t\t\t\t<div class=\"elementor-element elementor-element-54ebe9b elementor-invisible elementor-widget elementor-widget-image\" data-id=\"54ebe9b\" data-element_type=\"widget\" data-settings=\"{&quot;_animation&quot;:&quot;bounceIn&quot;}\" data-widget_type=\"image.default\">\n\t\t\t\t<div class=\"elementor-widget-container\">\n\t\t\t\t\t\t\t\t\t\t\t\t\t\t\t<img fetchpriority=\"high\" decoding=\"async\" width=\"639\" height=\"675\" src=\"https:\/\/mtchallenge-westbalkan.com\/al\/wp-content\/uploads\/2025\/08\/avondzonal.jpg\" class=\"attachment-large size-large wp-image-9300\" alt=\"\" srcset=\"https:\/\/mtchallenge-westbalkan.com\/al\/wp-content\/uploads\/2025\/08\/avondzonal.jpg 639w, https:\/\/mtchallenge-westbalkan.com\/al\/wp-content\/uploads\/2025\/08\/avondzonal-284x300.jpg 284w\" sizes=\"(max-width: 639px) 100vw, 639px\" \/>\t\t\t\t\t\t\t\t\t\t\t\t\t\t\t<\/div>\n\t\t\t\t<\/div>\n\t\t            <\/div>\r\n        <\/div>\r\n        \t\t\t<\/div>\n\t\t<\/section>\n\t\t            <\/div>\r\n        <\/div>\r\n        \t\t\t<\/div>\n\t\t<\/section>\n\t\t            <\/div>\r\n        <\/div>\r\n        \t\t\t<\/div>\n\t\t<\/section>\n\t\t        <section class=\"elementor-section elementor-top-section elementor-element elementor-element-3ec45ce elementor-section-boxed elementor-section-height-default elementor-section-height-default pxl-type-header-none pxl-section-smoke_particles-no pxl-row-scroll-none\" data-id=\"3ec45ce\" data-element_type=\"section\">\n\n                \n                <div class=\"elementor-container elementor-column-gap-extended \">\n                <div class=\"elementor-column elementor-col-100 elementor-top-column elementor-element elementor-element-d1ced6e pxl-column-element-default pxl-column-none\" data-id=\"d1ced6e\" data-element_type=\"column\">\r\n        <div class=\"elementor-widget-wrap elementor-element-populated\">\r\n                     \r\n        \t\t<div class=\"elementor-element elementor-element-6834279 elementor-widget elementor-widget-spacer\" data-id=\"6834279\" data-element_type=\"widget\" data-widget_type=\"spacer.default\">\n\t\t\t\t<div class=\"elementor-widget-container\">\n\t\t\t\t\t\t\t<div class=\"elementor-spacer\">\n\t\t\t<div class=\"elementor-spacer-inner\"><\/div>\n\t\t<\/div>\n\t\t\t\t\t\t<\/div>\n\t\t\t\t<\/div>\n\t\t\t\t<div class=\"elementor-element elementor-element-8c31a6c elementor-align-center elementor-widget__width-inherit e-transform elementor-invisible elementor-widget elementor-widget-pxl_button_theme\" data-id=\"8c31a6c\" data-element_type=\"widget\" data-settings=\"{&quot;_animation&quot;:&quot;tada&quot;,&quot;_transform_scale_effect&quot;:{&quot;unit&quot;:&quot;px&quot;,&quot;size&quot;:1.4,&quot;sizes&quot;:[]},&quot;_transform_scale_effect_mobile&quot;:{&quot;unit&quot;:&quot;px&quot;,&quot;size&quot;:1,&quot;sizes&quot;:[]},&quot;_transform_scale_effect_laptop&quot;:{&quot;unit&quot;:&quot;px&quot;,&quot;size&quot;:&quot;&quot;,&quot;sizes&quot;:[]},&quot;_transform_scale_effect_tablet_extra&quot;:{&quot;unit&quot;:&quot;px&quot;,&quot;size&quot;:&quot;&quot;,&quot;sizes&quot;:[]},&quot;_transform_scale_effect_tablet&quot;:{&quot;unit&quot;:&quot;px&quot;,&quot;size&quot;:&quot;&quot;,&quot;sizes&quot;:[]},&quot;_transform_scale_effect_mobile_extra&quot;:{&quot;unit&quot;:&quot;px&quot;,&quot;size&quot;:&quot;&quot;,&quot;sizes&quot;:[]}}\" data-widget_type=\"pxl_button_theme.default\">\n\t\t\t\t<div class=\"elementor-widget-container\">\n\t\t\t\t\t<div class=\"pxl-button-theme\">\r\n    <a class=\"btn  wow pulse\" href=\"https:\/\/mtchallenge-westbalkan.com\/al\/regjistrime-per-mt-challenge\/\" data-wow-delay=\"ms\">\r\n        <i aria-hidden=\"true\" class=\"bootstrap-icons bi-arrow-right\"><\/i>        <span class=\"pxl--btn-text\" data-text=\"REGJISTROHU MENJ\u00cbHER\u00cb\">\r\n            REGJISTROHU MENJ\u00cbHER\u00cb        <\/span>\r\n        <i class=\"pxl-icon-plus\"><\/i>\r\n    <\/a>\r\n<\/div>\t\t\t\t<\/div>\n\t\t\t\t<\/div>\n\t\t            <\/div>\r\n        <\/div>\r\n        \t\t\t<\/div>\n\t\t<\/section>\n\t\t\t\t<\/div>\n\t\t","protected":false},"excerpt":{"rendered":"<p>ZLATIBOR, SERBI &#8211; 13.09.2025. Merr me qira motorin p\u00ebr MT Challenge N\u00eb dispozicion jan\u00eb 3 nj\u00ebsi 450MT dhe 800MT-X (gjithsej 6), me \u00e7mim prej 250 EUR p\u00ebr 450MT dhe 350 EUR p\u00ebr 800MT-X. NUK KE MT POR D\u00cbSHIRON T\u00cb MARR\u00cbSH PJES\u00cb \u2013 DO T\u00cb T\u00cb NDIHMOJM\u00cb, DO TA MARR\u00cbSH ME QIRA! Rezervo motorin MT dhe [&hellip;]<\/p>\n","protected":false},"author":1,"featured_media":9045,"parent":0,"menu_order":0,"comment_status":"closed","ping_status":"closed","template":"","meta":{"footnotes":""},"class_list":["post-9191","page","type-page","status-publish","has-post-thumbnail","hentry"],"_links":{"self":[{"href":"https:\/\/mtchallenge-westbalkan.com\/al\/wp-json\/wp\/v2\/pages\/9191","targetHints":{"allow":["GET"]}}],"collection":[{"href":"https:\/\/mtchallenge-westbalkan.com\/al\/wp-json\/wp\/v2\/pages"}],"about":[{"href":"https:\/\/mtchallenge-westbalkan.com\/al\/wp-json\/wp\/v2\/types\/page"}],"author":[{"embeddable":true,"href":"https:\/\/mtchallenge-westbalkan.com\/al\/wp-json\/wp\/v2\/users\/1"}],"replies":[{"embeddable":true,"href":"https:\/\/mtchallenge-westbalkan.com\/al\/wp-json\/wp\/v2\/comments?post=9191"}],"version-history":[{"count":33,"href":"https:\/\/mtchallenge-westbalkan.com\/al\/wp-json\/wp\/v2\/pages\/9191\/revisions"}],"predecessor-version":[{"id":9370,"href":"https:\/\/mtchallenge-westbalkan.com\/al\/wp-json\/wp\/v2\/pages\/9191\/revisions\/9370"}],"wp:featuredmedia":[{"embeddable":true,"href":"https:\/\/mtchallenge-westbalkan.com\/al\/wp-json\/wp\/v2\/media\/9045"}],"wp:attachment":[{"href":"https:\/\/mtchallenge-westbalkan.com\/al\/wp-json\/wp\/v2\/media?parent=9191"}],"curies":[{"name":"wp","href":"https:\/\/api.w.org\/{rel}","templated":true}]}}