{"id":1563,"date":"2023-12-07T07:36:55","date_gmt":"2023-12-07T07:36:55","guid":{"rendered":"https:\/\/demo.bravisthemes.com\/ducatibox\/?page_id=1563"},"modified":"2025-08-22T10:29:10","modified_gmt":"2025-08-22T10:29:10","slug":"trening","status":"publish","type":"page","link":"https:\/\/mtchallenge-westbalkan.com\/al\/trening\/","title":{"rendered":"St\u00ebrvitje"},"content":{"rendered":"\t\t<div data-elementor-type=\"wp-page\" data-elementor-id=\"1563\" class=\"elementor elementor-1563\">\n\t\t\t\t        <section class=\"elementor-section elementor-top-section elementor-element elementor-element-6cefa51 elementor-section-boxed elementor-section-height-default elementor-section-height-default pxl-type-header-none pxl-section-smoke_particles-no pxl-row-scroll-none\" data-id=\"6cefa51\" data-element_type=\"section\">\n\n                \n                <div class=\"elementor-container elementor-column-gap-extended \">\n                <div class=\"elementor-column elementor-col-50 elementor-top-column elementor-element elementor-element-e9b2bab pxl-column-element-default pxl-column-none\" data-id=\"e9b2bab\" data-element_type=\"column\">\r\n        <div class=\"elementor-widget-wrap elementor-element-populated\">\r\n                     \r\n        \t\t<div class=\"elementor-element elementor-element-fbf100e elementor-invisible elementor-widget elementor-widget-pxl_image\" data-id=\"fbf100e\" data-element_type=\"widget\" data-settings=\"{&quot;_animation&quot;:&quot;tada&quot;}\" data-widget_type=\"pxl_image.default\">\n\t\t\t\t<div class=\"elementor-widget-container\">\n\t\t\t\t\t<div class=\"pxl-image-single  \" data-wow-delay=\"ms\">\r\n                                        <div class=\"pxl-item--inner\">\r\n                                            <img fetchpriority=\"high\" decoding=\"async\" width=\"639\" height=\"675\" src=\"https:\/\/mtchallenge-westbalkan.com\/al\/wp-content\/uploads\/2025\/08\/avondzonal.jpg\" class=\"no-lazyload attachment-full\" alt=\"\" \/>                                    <\/div>\r\n                        <\/div>\t\t\t\t<\/div>\n\t\t\t\t<\/div>\n\t\t            <\/div>\r\n        <\/div>\r\n                <div class=\"elementor-column elementor-col-50 elementor-top-column elementor-element elementor-element-d2c29e5 pxl-column-element-default pxl-column-none\" data-id=\"d2c29e5\" data-element_type=\"column\">\r\n        <div class=\"elementor-widget-wrap elementor-element-populated\">\r\n                     \r\n        \t\t<div class=\"elementor-element elementor-element-e9df77f elementor-invisible elementor-widget elementor-widget-pxl_heading\" data-id=\"e9df77f\" data-element_type=\"widget\" data-settings=\"{&quot;_animation&quot;:&quot;fadeInUp&quot;}\" data-widget_type=\"pxl_heading.default\">\n\t\t\t\t<div class=\"elementor-widget-container\">\n\t\t\t\t\t<div id=\"pxl-pxl_heading-e9df77f-3915\" class=\"pxl-heading px-sub-title-default-style\">\n\t<div class=\"pxl-heading--inner\">\n\t\t\n\t\t\n\t\t<h3 class=\"pxl-item--title  \" data-wow-delay=\"ms\">\n\t\t\t\t\t\t\tST\u00cbRVITJE MT CHALLENGE\t\t\n\t\t\t\t\n\t\t<\/h3>\n\n\t\t\n\t\t\n\t\t\t\t\t\t\t\t\t<\/div>\n<\/div>\t\t\t\t<\/div>\n\t\t\t\t<\/div>\n\t\t\t\t<div class=\"elementor-element elementor-element-2bcc26c elementor-widget elementor-widget-pxl_text_editor\" data-id=\"2bcc26c\" data-element_type=\"widget\" data-widget_type=\"pxl_text_editor.default\">\n\t\t\t\t<div class=\"elementor-widget-container\">\n\t\t\t\t\t<div class=\"pxl-text-editor \">\n\t<div class=\"pxl-item--inner \" data-wow-delay=\"ms\">\n\t\t<p data-start=\"39\" data-end=\"292\"><strong data-start=\"39\" data-end=\"55\">MT Challenge<\/strong> kombinon forc\u00ebn, teknik\u00ebn, q\u00ebndrueshm\u00ebrin\u00eb dhe pun\u00ebn ekipore. N\u00ebse d\u00ebshiron t\u00eb rris\u00ebsh shanset p\u00ebr t\u2019u kualifikuar n\u00eb finale, \u00ebsht\u00eb e r\u00ebnd\u00ebsishme q\u00eb st\u00ebrvitjen ta fokusosh n\u00eb m\u00ebnyr\u00eb q\u00eb t\u00eb zhvillosh t\u00eb gjitha k\u00ebto aspekte nj\u00ebkoh\u00ebsisht.<\/p><p data-start=\"294\" data-end=\"505\">Ushtrimet q\u00eb t\u00eb mund\u00ebsojn\u00eb t\u00eb zot\u00ebrosh plot\u00ebsisht motorin dhe t\u00eb mbetesh i sigurt n\u00eb \u00e7do situat\u00eb \u2013 qoft\u00eb n\u00eb vozitje t\u00eb ngadalshme, frenim t\u00eb papritur apo terren t\u00eb v\u00ebshtir\u00eb \u2013 do t\u00eb jen\u00eb ky\u00e7e p\u00ebr suksesin t\u00ebnd.<\/p><p data-start=\"507\" data-end=\"747\" data-is-last-node=\"\" data-is-only-node=\"\">P\u00ebrve\u00e7 k\u00ebsaj, p\u00ebrgatitja fizike luan nj\u00eb rol t\u00eb madh \u2013 sa m\u00eb i fort\u00eb dhe m\u00eb i q\u00ebndruesh\u00ebm t\u00eb jesh, aq m\u00eb leht\u00eb do t\u00eb p\u00ebrballosh vozitjet e gjata e t\u00eb lodhshme, si edhe sfidat q\u00eb k\u00ebrkojn\u00eb p\u00ebrpjekje shtes\u00eb, si ngritja apo shtyrja e motorit.<\/p>\t<\/div>\n<\/div>\t\t\t\t<\/div>\n\t\t\t\t<\/div>\n\t\t\t\t<div class=\"elementor-element elementor-element-85cc40c elementor-align-center elementor-widget__width-inherit e-transform elementor-invisible elementor-widget elementor-widget-pxl_button_theme\" data-id=\"85cc40c\" data-element_type=\"widget\" data-settings=\"{&quot;_animation&quot;:&quot;tada&quot;,&quot;_transform_scale_effect&quot;:{&quot;unit&quot;:&quot;px&quot;,&quot;size&quot;:1.4,&quot;sizes&quot;:[]},&quot;_transform_scale_effect_mobile&quot;:{&quot;unit&quot;:&quot;px&quot;,&quot;size&quot;:1,&quot;sizes&quot;:[]},&quot;_transform_scale_effect_laptop&quot;:{&quot;unit&quot;:&quot;px&quot;,&quot;size&quot;:&quot;&quot;,&quot;sizes&quot;:[]},&quot;_transform_scale_effect_tablet_extra&quot;:{&quot;unit&quot;:&quot;px&quot;,&quot;size&quot;:&quot;&quot;,&quot;sizes&quot;:[]},&quot;_transform_scale_effect_tablet&quot;:{&quot;unit&quot;:&quot;px&quot;,&quot;size&quot;:&quot;&quot;,&quot;sizes&quot;:[]},&quot;_transform_scale_effect_mobile_extra&quot;:{&quot;unit&quot;:&quot;px&quot;,&quot;size&quot;:&quot;&quot;,&quot;sizes&quot;:[]}}\" data-widget_type=\"pxl_button_theme.default\">\n\t\t\t\t<div class=\"elementor-widget-container\">\n\t\t\t\t\t<div class=\"pxl-button-theme\">\r\n    <a class=\"btn  wow pulse\" href=\"https:\/\/mtchallenge-westbalkan.com\/al\/regjistrime-per-mt-challenge\/\" data-wow-delay=\"ms\">\r\n                <span class=\"pxl--btn-text\" data-text=\"REGJISTROHU MENJ\u00cbHER\u00cb\">\r\n            REGJISTROHU MENJ\u00cbHER\u00cb        <\/span>\r\n        <i class=\"pxl-icon-plus\"><\/i>\r\n    <\/a>\r\n<\/div>\t\t\t\t<\/div>\n\t\t\t\t<\/div>\n\t\t            <\/div>\r\n        <\/div>\r\n        \t\t\t<\/div>\n\t\t<\/section>\n\t\t        <section class=\"elementor-section elementor-top-section elementor-element elementor-element-cc6be61 elementor-section-boxed elementor-section-height-default elementor-section-height-default pxl-type-header-none pxl-section-smoke_particles-no pxl-row-scroll-none\" data-id=\"cc6be61\" data-element_type=\"section\">\n\n                \n                <div class=\"elementor-container elementor-column-gap-default \">\n                <div class=\"elementor-column elementor-col-100 elementor-top-column elementor-element elementor-element-6702251 pxl-column-element-default pxl-column-none\" data-id=\"6702251\" data-element_type=\"column\">\r\n        <div class=\"elementor-widget-wrap elementor-element-populated\">\r\n                     \r\n        \t\t<div class=\"elementor-element elementor-element-f245ef3 elementor-widget elementor-widget-spacer\" data-id=\"f245ef3\" data-element_type=\"widget\" data-widget_type=\"spacer.default\">\n\t\t\t\t<div class=\"elementor-widget-container\">\n\t\t\t\t\t\t\t<div class=\"elementor-spacer\">\n\t\t\t<div class=\"elementor-spacer-inner\"><\/div>\n\t\t<\/div>\n\t\t\t\t\t\t<\/div>\n\t\t\t\t<\/div>\n\t\t            <\/div>\r\n        <\/div>\r\n        \t\t\t<\/div>\n\t\t<\/section>\n\t\t        <section class=\"elementor-section elementor-top-section elementor-element elementor-element-fecc9f7 elementor-section-boxed elementor-section-height-default elementor-section-height-default pxl-type-header-none pxl-section-smoke_particles-no pxl-row-scroll-none\" data-id=\"fecc9f7\" data-element_type=\"section\">\n\n                \n                <div class=\"elementor-container elementor-column-gap-default \">\n                <div class=\"elementor-column elementor-col-50 elementor-top-column elementor-element elementor-element-509b0ea pxl-column-element-default pxl-column-none\" data-id=\"509b0ea\" data-element_type=\"column\">\r\n        <div class=\"elementor-widget-wrap elementor-element-populated\">\r\n                     \r\n        \t\t<div class=\"elementor-element elementor-element-6b5420c elementor-invisible elementor-widget elementor-widget-text-editor\" data-id=\"6b5420c\" data-element_type=\"widget\" data-settings=\"{&quot;_animation&quot;:&quot;bounceInLeft&quot;}\" data-widget_type=\"text-editor.default\">\n\t\t\t\t<div class=\"elementor-widget-container\">\n\t\t\t\t\t\t\t\t\t<h4 data-start=\"39\" data-end=\"77\"><strong data-start=\"39\" data-end=\"75\">Zot\u00ebrimi i motorit dhe kontrolli<\/strong><\/h4><p data-start=\"80\" data-end=\"149\">Ushtrime me vozitje t\u00eb ngadalshme (slalom, tet\u00ebshe, tra balancimi).<\/p><p data-start=\"152\" data-end=\"243\">Puno n\u00eb p\u00ebrdorimin preciz t\u00eb tuf\u00ebs, frenave dhe gazit, si n\u00eb asfalt ashtu edhe n\u00eb terren.<\/p><p data-start=\"246\" data-end=\"320\" data-is-last-node=\"\">Ushtrime me kthesa t\u00eb mprehta dhe pivot-kthesa n\u00eb terren t\u00eb pabarabart\u00eb.<\/p>\t\t\t\t\t\t\t\t<\/div>\n\t\t\t\t<\/div>\n\t\t            <\/div>\r\n        <\/div>\r\n                <div class=\"elementor-column elementor-col-50 elementor-top-column elementor-element elementor-element-e5b72b4 pxl-column-element-default pxl-column-none\" data-id=\"e5b72b4\" data-element_type=\"column\">\r\n        <div class=\"elementor-widget-wrap elementor-element-populated\">\r\n                     \r\n        \t\t<div class=\"elementor-element elementor-element-2798d4b elementor-invisible elementor-widget elementor-widget-text-editor\" data-id=\"2798d4b\" data-element_type=\"widget\" data-settings=\"{&quot;_animation&quot;:&quot;bounceInLeft&quot;}\" data-widget_type=\"text-editor.default\">\n\t\t\t\t<div class=\"elementor-widget-container\">\n\t\t\t\t\t\t\t\t\t<article class=\"text-token-text-primary w-full focus:outline-none scroll-mt-[calc(var(--header-height)+min(200px,max(70px,20svh)))]\" dir=\"auto\" tabindex=\"-1\" data-turn-id=\"request-WEB:35c3736a-55ca-4e28-823b-c03766a14568-131\" data-testid=\"conversation-turn-164\" data-scroll-anchor=\"true\" data-turn=\"assistant\"><div class=\"text-base my-auto mx-auto pb-10 [--thread-content-margin:--spacing(4)] @[37rem]:[--thread-content-margin:--spacing(6)] @[72rem]:[--thread-content-margin:--spacing(16)] px-(--thread-content-margin)\"><div class=\"[--thread-content-max-width:32rem] @[34rem]:[--thread-content-max-width:40rem] @[64rem]:[--thread-content-max-width:48rem] mx-auto max-w-(--thread-content-max-width) flex-1 group\/turn-messages focus-visible:outline-hidden relative flex w-full min-w-0 flex-col agent-turn\" tabindex=\"-1\"><div class=\"flex max-w-full flex-col grow\"><div class=\"min-h-8 text-message relative flex w-full flex-col items-end gap-2 text-start break-words whitespace-normal [.text-message+&amp;]:mt-5\" dir=\"auto\" data-message-author-role=\"assistant\" data-message-id=\"251a3a63-4c27-4952-a695-d96762c34862\" data-message-model-slug=\"gpt-5\"><div class=\"flex w-full flex-col gap-1 empty:hidden first:pt-[3px]\"><div class=\"markdown prose dark:prose-invert w-full break-words light markdown-new-styling\"><h4 data-start=\"39\" data-end=\"69\"><strong data-start=\"39\" data-end=\"67\">Frenimi dhe p\u00ebrshpejtimi<\/strong><\/h4><p data-start=\"72\" data-end=\"167\">Ushtrime ndalimi t\u00eb menj\u00ebhersh\u00ebm: p\u00ebrshpejto me gaz t\u00eb plot\u00eb dhe ndalo sakt\u00ebsisht te markeri.<\/p><p data-start=\"72\" data-end=\"167\">Kombino frenin e p\u00ebrparm\u00eb dhe t\u00eb pas\u00ebm pa bllokim.<\/p><p data-start=\"72\" data-end=\"167\">Ushtrime p\u00ebr ndryshimin e terreneve (asfalt, zhavorr, balt\u00eb).<\/p><\/div><\/div><\/div><\/div><div class=\"flex min-h-[46px] justify-start\">\u00a0<\/div><div class=\"mt-3 w-full empty:hidden\"><div class=\"text-center\">\u00a0<\/div><\/div><\/div><\/div><\/article><div class=\"pointer-events-none h-px w-px\" aria-hidden=\"true\" data-edge=\"true\">\u00a0<\/div>\t\t\t\t\t\t\t\t<\/div>\n\t\t\t\t<\/div>\n\t\t            <\/div>\r\n        <\/div>\r\n        \t\t\t<\/div>\n\t\t<\/section>\n\t\t        <section class=\"elementor-section elementor-top-section elementor-element elementor-element-30cdcda elementor-section-boxed elementor-section-height-default elementor-section-height-default pxl-type-header-none pxl-section-smoke_particles-no pxl-row-scroll-none\" data-id=\"30cdcda\" data-element_type=\"section\">\n\n                \n                <div class=\"elementor-container elementor-column-gap-default \">\n                <div class=\"elementor-column elementor-col-50 elementor-top-column elementor-element elementor-element-5f737f3 pxl-column-element-default pxl-column-none\" data-id=\"5f737f3\" data-element_type=\"column\">\r\n        <div class=\"elementor-widget-wrap elementor-element-populated\">\r\n                     \r\n        \t\t<div class=\"elementor-element elementor-element-c19b095 elementor-invisible elementor-widget elementor-widget-text-editor\" data-id=\"c19b095\" data-element_type=\"widget\" data-settings=\"{&quot;_animation&quot;:&quot;bounceInLeft&quot;}\" data-widget_type=\"text-editor.default\">\n\t\t\t\t<div class=\"elementor-widget-container\">\n\t\t\t\t\t\t\t\t\t<article class=\"text-token-text-primary w-full focus:outline-none scroll-mt-[calc(var(--header-height)+min(200px,max(70px,20svh)))]\" dir=\"auto\" tabindex=\"-1\" data-turn-id=\"request-WEB:35c3736a-55ca-4e28-823b-c03766a14568-132\" data-testid=\"conversation-turn-166\" data-scroll-anchor=\"true\" data-turn=\"assistant\"><div class=\"text-base my-auto mx-auto pb-10 [--thread-content-margin:--spacing(4)] @[37rem]:[--thread-content-margin:--spacing(6)] @[72rem]:[--thread-content-margin:--spacing(16)] px-(--thread-content-margin)\"><div class=\"[--thread-content-max-width:32rem] @[34rem]:[--thread-content-max-width:40rem] @[64rem]:[--thread-content-max-width:48rem] mx-auto max-w-(--thread-content-max-width) flex-1 group\/turn-messages focus-visible:outline-hidden relative flex w-full min-w-0 flex-col agent-turn\" tabindex=\"-1\"><div class=\"flex max-w-full flex-col grow\"><div class=\"min-h-8 text-message relative flex w-full flex-col items-end gap-2 text-start break-words whitespace-normal [.text-message+&amp;]:mt-5\" dir=\"auto\" data-message-author-role=\"assistant\" data-message-id=\"09325eb8-00c0-494a-a496-6d5352ef7d4f\" data-message-model-slug=\"gpt-5\"><div class=\"flex w-full flex-col gap-1 empty:hidden first:pt-[3px]\"><div class=\"markdown prose dark:prose-invert w-full break-words light markdown-new-styling\"><h4 data-start=\"39\" data-end=\"69\"><strong data-start=\"39\" data-end=\"67\">Forca dhe q\u00ebndrueshm\u00ebria<\/strong><\/h4><p data-start=\"72\" data-end=\"142\">M\u00ebso ta ngresh motorin n\u00eb m\u00ebnyr\u00eb t\u00eb sigurt (me k\u00ebmb\u00eb, jo me shpin\u00eb).<\/p><p data-start=\"145\" data-end=\"215\">Shtyje motorin (t\u00eb fikur) n\u00ebp\u00ebr nj\u00eb pist\u00eb t\u00eb shkurt\u00ebr p\u00ebr kondicion.<\/p><p data-start=\"218\" data-end=\"318\" data-is-last-node=\"\">Kondicioni i p\u00ebrgjithsh\u00ebm: ulje-ngritje, st\u00ebrvitje p\u00ebr core dhe kardio p\u00ebr m\u00eb shum\u00eb q\u00ebndrueshm\u00ebri.<\/p><\/div><\/div><\/div><\/div><div class=\"flex min-h-[46px] justify-start\">\u00a0<\/div><div class=\"mt-3 w-full empty:hidden\"><div class=\"text-center\">\u00a0<\/div><\/div><\/div><\/div><\/article><div class=\"pointer-events-none h-px w-px\" aria-hidden=\"true\" data-edge=\"true\">\u00a0<\/div>\t\t\t\t\t\t\t\t<\/div>\n\t\t\t\t<\/div>\n\t\t            <\/div>\r\n        <\/div>\r\n                <div class=\"elementor-column elementor-col-50 elementor-top-column elementor-element elementor-element-cdfa04a pxl-column-element-default pxl-column-none\" data-id=\"cdfa04a\" data-element_type=\"column\">\r\n        <div class=\"elementor-widget-wrap elementor-element-populated\">\r\n                     \r\n        \t\t<div class=\"elementor-element elementor-element-4f93c48 elementor-invisible elementor-widget elementor-widget-text-editor\" data-id=\"4f93c48\" data-element_type=\"widget\" data-settings=\"{&quot;_animation&quot;:&quot;bounceInLeft&quot;}\" data-widget_type=\"text-editor.default\">\n\t\t\t\t<div class=\"elementor-widget-container\">\n\t\t\t\t\t\t\t\t\t<h4 data-start=\"39\" data-end=\"83\"><strong data-start=\"39\" data-end=\"81\">Puna ekipore dhe zgjidhja e problemeve<\/strong><\/h4><p data-start=\"86\" data-end=\"184\">St\u00ebrvitu me motorist\u00eb t\u00eb tjer\u00eb p\u00ebr shp\u00ebtimin e motorit (kalimi i lumit, shtyrja, ndihma shokut).<\/p><p data-start=\"187\" data-end=\"273\" data-is-last-node=\"\">Ushtrime t\u00eb mekanik\u00ebs baz\u00eb n\u00ebn presion (ndryshimi i rrot\u00ebs, shtr\u00ebngimi i zinxhirit).<\/p>\t\t\t\t\t\t\t\t<\/div>\n\t\t\t\t<\/div>\n\t\t            <\/div>\r\n        <\/div>\r\n        \t\t\t<\/div>\n\t\t<\/section>\n\t\t        <section class=\"elementor-section elementor-top-section elementor-element elementor-element-63773c0 elementor-section-boxed elementor-section-height-default elementor-section-height-default pxl-type-header-none pxl-section-smoke_particles-no pxl-row-scroll-none\" data-id=\"63773c0\" data-element_type=\"section\">\n\n                \n                <div class=\"elementor-container elementor-column-gap-default \">\n                <div class=\"elementor-column elementor-col-50 elementor-top-column elementor-element elementor-element-f602e22 pxl-column-element-default pxl-column-none\" data-id=\"f602e22\" data-element_type=\"column\">\r\n        <div class=\"elementor-widget-wrap elementor-element-populated\">\r\n                     \r\n        \t\t<div class=\"elementor-element elementor-element-c946ecb elementor-invisible elementor-widget elementor-widget-text-editor\" data-id=\"c946ecb\" data-element_type=\"widget\" data-settings=\"{&quot;_animation&quot;:&quot;bounceInLeft&quot;}\" data-widget_type=\"text-editor.default\">\n\t\t\t\t<div class=\"elementor-widget-container\">\n\t\t\t\t\t\t\t\t\t<article class=\"text-token-text-primary w-full focus:outline-none scroll-mt-[calc(var(--header-height)+min(200px,max(70px,20svh)))]\" dir=\"auto\" tabindex=\"-1\" data-turn-id=\"request-WEB:35c3736a-55ca-4e28-823b-c03766a14568-134\" data-testid=\"conversation-turn-170\" data-scroll-anchor=\"true\" data-turn=\"assistant\"><div class=\"text-base my-auto mx-auto pb-10 [--thread-content-margin:--spacing(4)] @[37rem]:[--thread-content-margin:--spacing(6)] @[72rem]:[--thread-content-margin:--spacing(16)] px-(--thread-content-margin)\"><div class=\"[--thread-content-max-width:32rem] @[34rem]:[--thread-content-max-width:40rem] @[64rem]:[--thread-content-max-width:48rem] mx-auto max-w-(--thread-content-max-width) flex-1 group\/turn-messages focus-visible:outline-hidden relative flex w-full min-w-0 flex-col agent-turn\" tabindex=\"-1\"><div class=\"flex max-w-full flex-col grow\"><div class=\"min-h-8 text-message relative flex w-full flex-col items-end gap-2 text-start break-words whitespace-normal [.text-message+&amp;]:mt-5\" dir=\"auto\" data-message-author-role=\"assistant\" data-message-id=\"8e367e54-3cd2-4e5f-b532-65cadd91b63a\" data-message-model-slug=\"gpt-5\"><div class=\"flex w-full flex-col gap-1 empty:hidden first:pt-[3px]\"><div class=\"markdown prose dark:prose-invert w-full break-words light markdown-new-styling\"><h4 data-start=\"39\" data-end=\"70\"><strong data-start=\"39\" data-end=\"68\">Fokusi mendor dhe balanca<\/strong><\/h4><p data-start=\"73\" data-end=\"126\">Ushtrime me vozitje t\u00eb ngadalshme pa e ulur k\u00ebmb\u00ebn.<\/p><p data-start=\"129\" data-end=\"239\" data-is-last-node=\"\">Ushtrime p\u00ebr fokus n\u00ebn presion: ushtrime teknike n\u00eb kombinim me shp\u00ebrqendrime (p.sh. mbajtja e nj\u00eb objekti).<\/p><\/div><\/div><\/div><\/div><div class=\"flex min-h-[46px] justify-start\">\u00a0<\/div><div class=\"mt-3 w-full empty:hidden\"><div class=\"text-center\">\u00a0<\/div><\/div><\/div><\/div><\/article><div class=\"pointer-events-none h-px w-px\" aria-hidden=\"true\" data-edge=\"true\">\u00a0<\/div>\t\t\t\t\t\t\t\t<\/div>\n\t\t\t\t<\/div>\n\t\t            <\/div>\r\n        <\/div>\r\n                <div class=\"elementor-column elementor-col-50 elementor-top-column elementor-element elementor-element-1a36a84 pxl-column-element-default pxl-column-none\" data-id=\"1a36a84\" data-element_type=\"column\">\r\n        <div class=\"elementor-widget-wrap elementor-element-populated\">\r\n                     \r\n        \t\t<div class=\"elementor-element elementor-element-de21ea1 elementor-invisible elementor-widget elementor-widget-text-editor\" data-id=\"de21ea1\" data-element_type=\"widget\" data-settings=\"{&quot;_animation&quot;:&quot;bounceInLeft&quot;}\" data-widget_type=\"text-editor.default\">\n\t\t\t\t<div class=\"elementor-widget-container\">\n\t\t\t\t\t\t\t\t\t<h4><strong data-start=\"39\" data-end=\"52\">K\u00ebshill\u00eb!<\/strong><\/h4><p>Motorist\u00ebt q\u00eb p\u00ebrgatiten n\u00eb t\u00eb gjitha segmentet \u2013 teknik\u00eb, rikuperim, kondicion dhe pun\u00eb ekipore \u2013 kan\u00eb shanset m\u00eb t\u00eb m\u00ebdha t\u00eb kualifikohen dhe t\u00eb marrin pjes\u00eb n\u00eb <strong data-start=\"218\" data-end=\"234\" data-is-only-node=\"\">Grand Finale<\/strong> n\u00eb Melburn, Australi (13\u201316 tetor 2025).<\/p>\t\t\t\t\t\t\t\t<\/div>\n\t\t\t\t<\/div>\n\t\t            <\/div>\r\n        <\/div>\r\n        \t\t\t<\/div>\n\t\t<\/section>\n\t\t\t\t<\/div>\n\t\t","protected":false},"excerpt":{"rendered":"<p>ST\u00cbRVITJE MT CHALLENGE MT Challenge kombinon forc\u00ebn, teknik\u00ebn, q\u00ebndrueshm\u00ebrin\u00eb dhe pun\u00ebn ekipore. N\u00ebse d\u00ebshiron t\u00eb rris\u00ebsh shanset p\u00ebr t\u2019u kualifikuar n\u00eb finale, \u00ebsht\u00eb e r\u00ebnd\u00ebsishme q\u00eb st\u00ebrvitjen ta fokusosh n\u00eb m\u00ebnyr\u00eb q\u00eb t\u00eb zhvillosh t\u00eb gjitha k\u00ebto aspekte nj\u00ebkoh\u00ebsisht. Ushtrimet q\u00eb t\u00eb mund\u00ebsojn\u00eb t\u00eb zot\u00ebrosh plot\u00ebsisht motorin dhe t\u00eb mbetesh i sigurt n\u00eb \u00e7do situat\u00eb [&hellip;]<\/p>\n","protected":false},"author":1,"featured_media":0,"parent":0,"menu_order":0,"comment_status":"closed","ping_status":"closed","template":"","meta":{"footnotes":""},"class_list":["post-1563","page","type-page","status-publish","hentry"],"_links":{"self":[{"href":"https:\/\/mtchallenge-westbalkan.com\/al\/wp-json\/wp\/v2\/pages\/1563","targetHints":{"allow":["GET"]}}],"collection":[{"href":"https:\/\/mtchallenge-westbalkan.com\/al\/wp-json\/wp\/v2\/pages"}],"about":[{"href":"https:\/\/mtchallenge-westbalkan.com\/al\/wp-json\/wp\/v2\/types\/page"}],"author":[{"embeddable":true,"href":"https:\/\/mtchallenge-westbalkan.com\/al\/wp-json\/wp\/v2\/users\/1"}],"replies":[{"embeddable":true,"href":"https:\/\/mtchallenge-westbalkan.com\/al\/wp-json\/wp\/v2\/comments?post=1563"}],"version-history":[{"count":38,"href":"https:\/\/mtchallenge-westbalkan.com\/al\/wp-json\/wp\/v2\/pages\/1563\/revisions"}],"predecessor-version":[{"id":9342,"href":"https:\/\/mtchallenge-westbalkan.com\/al\/wp-json\/wp\/v2\/pages\/1563\/revisions\/9342"}],"wp:attachment":[{"href":"https:\/\/mtchallenge-westbalkan.com\/al\/wp-json\/wp\/v2\/media?parent=1563"}],"curies":[{"name":"wp","href":"https:\/\/api.w.org\/{rel}","templated":true}]}}