{"id":125,"date":"2023-11-14T02:34:56","date_gmt":"2023-11-14T02:34:56","guid":{"rendered":"https:\/\/demo.bravisthemes.com\/ducatibox\/?page_id=125"},"modified":"2025-09-15T07:54:57","modified_gmt":"2025-09-15T07:54:57","slug":"regjistrime-per-mt-challenge","status":"publish","type":"page","link":"https:\/\/mtchallenge-westbalkan.com\/al\/regjistrime-per-mt-challenge\/","title":{"rendered":"Regjistrime p\u00ebr MT Challenge"},"content":{"rendered":"\t\t<div data-elementor-type=\"wp-page\" data-elementor-id=\"125\" class=\"elementor elementor-125\">\n\t\t\t\t        <section class=\"elementor-section elementor-top-section elementor-element elementor-element-7e624e0 elementor-section-boxed elementor-section-height-default elementor-section-height-default pxl-type-header-none pxl-section-smoke_particles-no pxl-row-scroll-none\" data-id=\"7e624e0\" data-element_type=\"section\">\n\n                \n                <div class=\"elementor-container elementor-column-gap-default \">\n                <div class=\"elementor-column elementor-col-100 elementor-top-column elementor-element elementor-element-45515d5 pxl-column-element-default pxl-column-none\" data-id=\"45515d5\" data-element_type=\"column\">\r\n        <div class=\"elementor-widget-wrap elementor-element-populated\">\r\n                     \r\n        \t\t<div class=\"elementor-element elementor-element-54520ab elementor-widget elementor-widget-pxl_heading\" data-id=\"54520ab\" data-element_type=\"widget\" data-widget_type=\"pxl_heading.default\">\n\t\t\t\t<div class=\"elementor-widget-container\">\n\t\t\t\t\t<div id=\"pxl-pxl_heading-54520ab-5216\" class=\"pxl-heading px-sub-title-default-style\">\n\t<div class=\"pxl-heading--inner\">\n\t\t\n\t\t\t\t\t<div class=\"pxl-item--subtitle px-sub-title-default \" data-wow-delay=\"ms\">\n\t\t\t\t<span class=\"pxl-item--subtext\">\n\t\t\t\t\t\t\t\t\t\tZLATIBOR, SERBI - 13.09.2025.\t\t\t\t\t<span class=\"pxl-item--subdivider\"><\/span>\n\t\t\t\t<\/span>\n\t\t\t<\/div>\n\t\t\n\t\t<h3 class=\"pxl-item--title pxl-split-text split-in-left \" data-wow-delay=\"ms\">\n\t\t\t\t\t\t\tRegjistrohuni menj\u00ebher\u00eb n\u00eb <cite>MT Challenge<\/cite>\t\t\n\t\t\t\t\n\t\t<\/h3>\n\n\t\t\n\t\t\n\t\t\t\t\t\t\t\t\t\t\t<div class=\"px-divider--wrap \">\n\t\t\t\t<div class=\"px-title--divider px-title--divider6\"><span><\/span><\/div>\n\t\t\t<\/div>\n\t\t\t<\/div>\n<\/div>\t\t\t\t<\/div>\n\t\t\t\t<\/div>\n\t\t            <\/div>\r\n        <\/div>\r\n        \t\t\t<\/div>\n\t\t<\/section>\n\t\t        <section class=\"elementor-section elementor-top-section elementor-element elementor-element-bad7550 elementor-section-full_width elementor-section-height-default elementor-section-height-default pxl-type-header-none pxl-section-offset-none pxl-section-smoke_particles-no pxl-row-scroll-none\" data-id=\"bad7550\" data-element_type=\"section\">\n\n                \n                <div class=\"elementor-container elementor-column-gap-default \">\n                <div class=\"elementor-column elementor-col-100 elementor-top-column elementor-element elementor-element-19c42d5 pxl-column-element-default pxl-column-none\" data-id=\"19c42d5\" data-element_type=\"column\">\r\n        <div class=\"elementor-widget-wrap elementor-element-populated\">\r\n                     \r\n                <section class=\"elementor-section elementor-inner-section elementor-element elementor-element-b4d7947 elementor-section-full_width elementor-section-height-default elementor-section-height-default pxl-type-header-none pxl-section-offset-none pxl-section-smoke_particles-no pxl-row-scroll-none\" data-id=\"b4d7947\" data-element_type=\"section\" data-settings=\"{&quot;background_background&quot;:&quot;classic&quot;}\">\n\n                \n                <div class=\"elementor-container elementor-column-gap-extended \">\n                <div class=\"elementor-column elementor-col-50 elementor-inner-column elementor-element elementor-element-808e7eb pxl-column-element-default pxl-column-none\" data-id=\"808e7eb\" data-element_type=\"column\">\r\n        <div class=\"elementor-widget-wrap elementor-element-populated\">\r\n                     \r\n        \t\t<div class=\"elementor-element elementor-element-35bbc00 elementor-widget elementor-widget-spacer\" data-id=\"35bbc00\" data-element_type=\"widget\" data-widget_type=\"spacer.default\">\n\t\t\t\t<div class=\"elementor-widget-container\">\n\t\t\t\t\t\t\t<div class=\"elementor-spacer\">\n\t\t\t<div class=\"elementor-spacer-inner\"><\/div>\n\t\t<\/div>\n\t\t\t\t\t\t<\/div>\n\t\t\t\t<\/div>\n\t\t\t\t<div class=\"elementor-element elementor-element-8f5e787 elementor-widget__width-inherit elementor-widget elementor-widget-pxl_image\" data-id=\"8f5e787\" data-element_type=\"widget\" data-widget_type=\"pxl_image.default\">\n\t\t\t\t<div class=\"elementor-widget-container\">\n\t\t\t\t\t<div class=\"pxl-image-single  \" data-wow-delay=\"ms\">\r\n                                        <div class=\"pxl-item--inner\">\r\n                                            <img decoding=\"async\" width=\"70\" height=\"35\" src=\"https:\/\/mtchallenge-westbalkan.com\/al\/wp-content\/uploads\/2024\/10\/Icon-right.png\" class=\"no-lazyload attachment-full\" alt=\"\" \/>                                    <\/div>\r\n                        <\/div>\t\t\t\t<\/div>\n\t\t\t\t<\/div>\n\t\t\t\t<div class=\"elementor-element elementor-element-0b68f75 elementor-widget elementor-widget-spacer\" data-id=\"0b68f75\" data-element_type=\"widget\" data-widget_type=\"spacer.default\">\n\t\t\t\t<div class=\"elementor-widget-container\">\n\t\t\t\t\t\t\t<div class=\"elementor-spacer\">\n\t\t\t<div class=\"elementor-spacer-inner\"><\/div>\n\t\t<\/div>\n\t\t\t\t\t\t<\/div>\n\t\t\t\t<\/div>\n\t\t            <\/div>\r\n        <\/div>\r\n                <div class=\"elementor-column elementor-col-50 elementor-inner-column elementor-element elementor-element-1537d73 pxl-column-element-default pxl-column-none\" data-id=\"1537d73\" data-element_type=\"column\">\r\n        <div class=\"elementor-widget-wrap elementor-element-populated\">\r\n                     \r\n                <section class=\"elementor-section elementor-inner-section elementor-element elementor-element-12c8c81 elementor-section-boxed elementor-section-height-default elementor-section-height-default pxl-type-header-none pxl-section-smoke_particles-no pxl-row-scroll-none\" data-id=\"12c8c81\" data-element_type=\"section\">\n\n                \n                <div class=\"elementor-container elementor-column-gap-no \">\n                <div class=\"elementor-column elementor-col-100 elementor-inner-column elementor-element elementor-element-533066a pxl-column-element-default pxl-column-none\" data-id=\"533066a\" data-element_type=\"column\">\r\n        <div class=\"elementor-widget-wrap elementor-element-populated\">\r\n                     \r\n        \t\t<div class=\"elementor-element elementor-element-91f8f63 elementor-widget elementor-widget-spacer\" data-id=\"91f8f63\" data-element_type=\"widget\" data-widget_type=\"spacer.default\">\n\t\t\t\t<div class=\"elementor-widget-container\">\n\t\t\t\t\t\t\t<div class=\"elementor-spacer\">\n\t\t\t<div class=\"elementor-spacer-inner\"><\/div>\n\t\t<\/div>\n\t\t\t\t\t\t<\/div>\n\t\t\t\t<\/div>\n\t\t\t\t<div class=\"elementor-element elementor-element-22458f3 elementor-widget elementor-widget-pxl_heading\" data-id=\"22458f3\" data-element_type=\"widget\" data-widget_type=\"pxl_heading.default\">\n\t\t\t\t<div class=\"elementor-widget-container\">\n\t\t\t\t\t<div id=\"pxl-pxl_heading-22458f3-2570\" class=\"pxl-heading px-sub-title-default-style\">\n\t<div class=\"pxl-heading--inner\">\n\t\t\n\t\t\n\t\t<h3 class=\"pxl-item--title  \" data-wow-delay=\"ms\">\n\t\t\t\t\t\t\tRegjistrohuni p\u00ebr MT CHALLENGE-in ton\u00eb dhe nisuni drejt fitores s\u00eb udh\u00ebtimit n\u00eb Australi p\u00ebr finalen e madhe!\t\t\n\t\t\t\t\n\t\t<\/h3>\n\n\t\t\n\t\t\n\t\t\t\t\t\t\t\t\t<\/div>\n<\/div>\t\t\t\t<\/div>\n\t\t\t\t<\/div>\n\t\t\t\t<div class=\"elementor-element elementor-element-8653965 elementor-widget elementor-widget-pxl_text_editor\" data-id=\"8653965\" data-element_type=\"widget\" data-widget_type=\"pxl_text_editor.default\">\n\t\t\t\t<div class=\"elementor-widget-container\">\n\t\t\t\t\t<div class=\"pxl-text-editor \">\n\t<div class=\"pxl-item--inner \" data-wow-delay=\"ms\">\n\t\t<p data-start=\"39\" data-end=\"118\"><strong data-start=\"39\" data-end=\"62\">CFMOTO MT Challenge<\/strong> \u00ebsht\u00eb nj\u00eb gar\u00eb q\u00eb mbledh motorist\u00eb nga e gjith\u00eb bota.<\/p><p data-start=\"120\" data-end=\"458\">Testohen teknika, kontrolli dhe q\u00ebndrueshm\u00ebria n\u00eb motor\u00ebt nga seria MT, nd\u00ebrsa motorist\u00ebt m\u00eb t\u00eb mir\u00eb fitojn\u00eb plasmanin p\u00ebr n\u00eb finalen e madhe bot\u00ebrore n\u00eb Melburn, Australi (13\u201316 tetor 2025). Deri te finalja globale arrihet p\u00ebrmes kualifikimeve rajonale. Ballkanin Per\u00ebndimor do ta p\u00ebrfaq\u00ebsojn\u00eb tre motorist\u00ebt m\u00eb t\u00eb suksessh\u00ebm t\u00eb MT-s\u00eb.<\/p><p data-start=\"460\" data-end=\"794\">Ky aktivitet, q\u00eb mbahet n\u00eb Zlatibor, SERBI m\u00eb 13.09.2025, mbledh motorist\u00eb nga i gjith\u00eb Ballkani Per\u00ebndimor n\u00eb nj\u00eb ngjarje q\u00eb kombinon arg\u00ebtimin, gar\u00ebn, shoq\u00ebrimin dhe aventur\u00ebn. Pista, q\u00eb p\u00ebrfshin elemente off-road dhe pengesa, zhvillohet n\u00eb lokalitetin legjendar t\u00eb Zlatiborit \u2013 nj\u00eb vend q\u00eb garanton aksion dhe atmosfer\u00eb t\u00eb mir\u00eb garuese.<\/p><p data-start=\"796\" data-end=\"827\" data-is-last-node=\"\" data-is-only-node=\"\"><strong data-start=\"796\" data-end=\"821\">A je nj\u00ebri prej tyre?<\/strong><\/p>\t<\/div>\n<\/div>\t\t\t\t<\/div>\n\t\t\t\t<\/div>\n\t\t\t\t<div class=\"elementor-element elementor-element-9930339 elementor-widget elementor-widget-spacer\" data-id=\"9930339\" data-element_type=\"widget\" data-widget_type=\"spacer.default\">\n\t\t\t\t<div class=\"elementor-widget-container\">\n\t\t\t\t\t\t\t<div class=\"elementor-spacer\">\n\t\t\t<div class=\"elementor-spacer-inner\"><\/div>\n\t\t<\/div>\n\t\t\t\t\t\t<\/div>\n\t\t\t\t<\/div>\n\t\t\t\t<div class=\"elementor-element elementor-element-54ebe9b elementor-invisible elementor-widget elementor-widget-image\" data-id=\"54ebe9b\" data-element_type=\"widget\" data-settings=\"{&quot;_animation&quot;:&quot;bounceIn&quot;}\" data-widget_type=\"image.default\">\n\t\t\t\t<div class=\"elementor-widget-container\">\n\t\t\t\t\t\t\t\t\t\t\t\t\t\t\t<img fetchpriority=\"high\" decoding=\"async\" width=\"639\" height=\"675\" src=\"https:\/\/mtchallenge-westbalkan.com\/al\/wp-content\/uploads\/2025\/08\/MT-CHALLENGE-ZAPADNI-BALKAN.jpg\" class=\"attachment-large size-large wp-image-9056\" alt=\"CFMOTO MT CHALLENGE zapadni balkan\" srcset=\"https:\/\/mtchallenge-westbalkan.com\/al\/wp-content\/uploads\/2025\/08\/MT-CHALLENGE-ZAPADNI-BALKAN.jpg 639w, https:\/\/mtchallenge-westbalkan.com\/al\/wp-content\/uploads\/2025\/08\/MT-CHALLENGE-ZAPADNI-BALKAN-284x300.jpg 284w, https:\/\/mtchallenge-westbalkan.com\/al\/wp-content\/uploads\/2025\/08\/MT-CHALLENGE-ZAPADNI-BALKAN-600x634.jpg 600w\" sizes=\"(max-width: 639px) 100vw, 639px\" \/>\t\t\t\t\t\t\t\t\t\t\t\t\t\t\t<\/div>\n\t\t\t\t<\/div>\n\t\t            <\/div>\r\n        <\/div>\r\n        \t\t\t<\/div>\n\t\t<\/section>\n\t\t            <\/div>\r\n        <\/div>\r\n        \t\t\t<\/div>\n\t\t<\/section>\n\t\t            <\/div>\r\n        <\/div>\r\n        \t\t\t<\/div>\n\t\t<\/section>\n\t\t        <section class=\"elementor-section elementor-top-section elementor-element elementor-element-3ec45ce elementor-section-boxed elementor-section-height-default elementor-section-height-default pxl-type-header-none pxl-section-smoke_particles-no pxl-row-scroll-none\" data-id=\"3ec45ce\" data-element_type=\"section\">\n\n                \n                <div class=\"elementor-container elementor-column-gap-extended \">\n                <div class=\"elementor-column elementor-col-100 elementor-top-column elementor-element elementor-element-d1ced6e pxl-column-element-default pxl-column-none\" data-id=\"d1ced6e\" data-element_type=\"column\">\r\n        <div class=\"elementor-widget-wrap elementor-element-populated\">\r\n                     \r\n        \t\t<div class=\"elementor-element elementor-element-6834279 elementor-widget elementor-widget-spacer\" data-id=\"6834279\" data-element_type=\"widget\" data-widget_type=\"spacer.default\">\n\t\t\t\t<div class=\"elementor-widget-container\">\n\t\t\t\t\t\t\t<div class=\"elementor-spacer\">\n\t\t\t<div class=\"elementor-spacer-inner\"><\/div>\n\t\t<\/div>\n\t\t\t\t\t\t<\/div>\n\t\t\t\t<\/div>\n\t\t\t\t<div class=\"elementor-element elementor-element-4c01f02 elementor-align-center elementor-widget__width-inherit e-transform elementor-invisible elementor-widget elementor-widget-pxl_button_theme\" data-id=\"4c01f02\" data-element_type=\"widget\" data-settings=\"{&quot;_animation&quot;:&quot;tada&quot;,&quot;_transform_scale_effect&quot;:{&quot;unit&quot;:&quot;px&quot;,&quot;size&quot;:1.4,&quot;sizes&quot;:[]},&quot;_transform_scale_effect_mobile&quot;:{&quot;unit&quot;:&quot;px&quot;,&quot;size&quot;:1,&quot;sizes&quot;:[]},&quot;_transform_scale_effect_laptop&quot;:{&quot;unit&quot;:&quot;px&quot;,&quot;size&quot;:&quot;&quot;,&quot;sizes&quot;:[]},&quot;_transform_scale_effect_tablet_extra&quot;:{&quot;unit&quot;:&quot;px&quot;,&quot;size&quot;:&quot;&quot;,&quot;sizes&quot;:[]},&quot;_transform_scale_effect_tablet&quot;:{&quot;unit&quot;:&quot;px&quot;,&quot;size&quot;:&quot;&quot;,&quot;sizes&quot;:[]},&quot;_transform_scale_effect_mobile_extra&quot;:{&quot;unit&quot;:&quot;px&quot;,&quot;size&quot;:&quot;&quot;,&quot;sizes&quot;:[]}}\" data-widget_type=\"pxl_button_theme.default\">\n\t\t\t\t<div class=\"elementor-widget-container\">\n\t\t\t\t\t<div class=\"pxl-button-theme\">\r\n    <a class=\"btn  wow pulse\" href=\"https:\/\/mtchallenge-westbalkan.com\/al\/rentiranje\/\" data-wow-delay=\"ms\">\r\n        <i aria-hidden=\"true\" class=\"bootstrap-icons bi-arrow-right\"><\/i>        <span class=\"pxl--btn-text\" data-text=\"NUK KE MOTOCIKLET\u00cb CFMOTO?\">\r\n            NUK KE MOTOCIKLET\u00cb CFMOTO?        <\/span>\r\n        <i class=\"pxl-icon-plus\"><\/i>\r\n    <\/a>\r\n<\/div>\t\t\t\t<\/div>\n\t\t\t\t<\/div>\n\t\t            <\/div>\r\n        <\/div>\r\n        \t\t\t<\/div>\n\t\t<\/section>\n\t\t\t\t<\/div>\n\t\t","protected":false},"excerpt":{"rendered":"<p>ZLATIBOR, SERBI &#8211; 13.09.2025. Regjistrohuni menj\u00ebher\u00eb n\u00eb MT Challenge Regjistrohuni p\u00ebr MT CHALLENGE-in ton\u00eb dhe nisuni drejt fitores s\u00eb udh\u00ebtimit n\u00eb Australi p\u00ebr finalen e madhe! CFMOTO MT Challenge \u00ebsht\u00eb nj\u00eb gar\u00eb q\u00eb mbledh motorist\u00eb nga e gjith\u00eb bota. Testohen teknika, kontrolli dhe q\u00ebndrueshm\u00ebria n\u00eb motor\u00ebt nga seria MT, nd\u00ebrsa motorist\u00ebt m\u00eb t\u00eb mir\u00eb fitojn\u00eb [&hellip;]<\/p>\n","protected":false},"author":1,"featured_media":9123,"parent":0,"menu_order":0,"comment_status":"closed","ping_status":"closed","template":"","meta":{"footnotes":""},"class_list":["post-125","page","type-page","status-publish","has-post-thumbnail","hentry"],"_links":{"self":[{"href":"https:\/\/mtchallenge-westbalkan.com\/al\/wp-json\/wp\/v2\/pages\/125","targetHints":{"allow":["GET"]}}],"collection":[{"href":"https:\/\/mtchallenge-westbalkan.com\/al\/wp-json\/wp\/v2\/pages"}],"about":[{"href":"https:\/\/mtchallenge-westbalkan.com\/al\/wp-json\/wp\/v2\/types\/page"}],"author":[{"embeddable":true,"href":"https:\/\/mtchallenge-westbalkan.com\/al\/wp-json\/wp\/v2\/users\/1"}],"replies":[{"embeddable":true,"href":"https:\/\/mtchallenge-westbalkan.com\/al\/wp-json\/wp\/v2\/comments?post=125"}],"version-history":[{"count":88,"href":"https:\/\/mtchallenge-westbalkan.com\/al\/wp-json\/wp\/v2\/pages\/125\/revisions"}],"predecessor-version":[{"id":9367,"href":"https:\/\/mtchallenge-westbalkan.com\/al\/wp-json\/wp\/v2\/pages\/125\/revisions\/9367"}],"wp:featuredmedia":[{"embeddable":true,"href":"https:\/\/mtchallenge-westbalkan.com\/al\/wp-json\/wp\/v2\/media\/9123"}],"wp:attachment":[{"href":"https:\/\/mtchallenge-westbalkan.com\/al\/wp-json\/wp\/v2\/media?parent=125"}],"curies":[{"name":"wp","href":"https:\/\/api.w.org\/{rel}","templated":true}]}}