{"id":124,"date":"2023-11-14T02:34:43","date_gmt":"2023-11-14T02:34:43","guid":{"rendered":"https:\/\/demo.bravisthemes.com\/ducatibox\/?page_id=124"},"modified":"2025-08-22T11:26:19","modified_gmt":"2025-08-22T11:26:19","slug":"kontakt","status":"publish","type":"page","link":"https:\/\/mtchallenge-westbalkan.com\/al\/kontakt\/","title":{"rendered":"Kontakt"},"content":{"rendered":"\t\t<div data-elementor-type=\"wp-page\" data-elementor-id=\"124\" class=\"elementor elementor-124\">\n\t\t\t\t        <section class=\"elementor-section elementor-top-section elementor-element elementor-element-b2fb98a elementor-section-stretched elementor-section-boxed elementor-section-height-default elementor-section-height-default pxl-type-header-none pxl-section-smoke_particles-no pxl-row-scroll-none\" data-id=\"b2fb98a\" data-element_type=\"section\" data-settings=\"{&quot;stretch_section&quot;:&quot;section-stretched&quot;}\">\n\n                \n                <div class=\"elementor-container elementor-column-gap-extended \">\n                <div class=\"elementor-column elementor-col-50 elementor-top-column elementor-element elementor-element-7c0a7b1 pxl-column-element-default pxl-column-none\" data-id=\"7c0a7b1\" data-element_type=\"column\">\r\n        <div class=\"elementor-widget-wrap elementor-element-populated\">\r\n                     \r\n        \t\t<div class=\"elementor-element elementor-element-6cc3eea elementor-widget elementor-widget-pxl_heading\" data-id=\"6cc3eea\" data-element_type=\"widget\" data-widget_type=\"pxl_heading.default\">\n\t\t\t\t<div class=\"elementor-widget-container\">\n\t\t\t\t\t<div id=\"pxl-pxl_heading-6cc3eea-1260\" class=\"pxl-heading px-sub-title-default-style\">\n\t<div class=\"pxl-heading--inner\">\n\t\t\n\t\t\t\t\t<div class=\"pxl-item--subtitle px-sub-title-default \" data-wow-delay=\"ms\">\n\t\t\t\t<span class=\"pxl-item--subtext\">\n\t\t\t\t\t\t\t\t\t\tNA D\u00cbRGONI EMAIL\t\t\t\t\t<span class=\"pxl-item--subdivider\"><\/span>\n\t\t\t\t<\/span>\n\t\t\t<\/div>\n\t\t\n\t\t<h3 class=\"pxl-item--title  \" data-wow-delay=\"ms\">\n\t\t\t\t\t\t\tNA SHKRUANI N\u00cbSE KENI NDONJ\u00cb PYETJE RRETH GAR\u00cbS MT CHALLENGE\t\t\n\t\t\t\t\n\t\t<\/h3>\n\n\t\t\n\t\t\n\t\t\t\t\t\t\t\t\t\t\t<div class=\"px-divider--wrap \">\n\t\t\t\t<div class=\"px-title--divider px-title--divider6\"><span><\/span><\/div>\n\t\t\t<\/div>\n\t\t\t<\/div>\n<\/div>\t\t\t\t<\/div>\n\t\t\t\t<\/div>\n\t\t\t\t<div class=\"elementor-element elementor-element-7cf7852 elementor-widget elementor-widget-pxl_text_editor\" data-id=\"7cf7852\" data-element_type=\"widget\" data-widget_type=\"pxl_text_editor.default\">\n\t\t\t\t<div class=\"elementor-widget-container\">\n\t\t\t\t\t<div class=\"pxl-text-editor \">\n\t<div class=\"pxl-item--inner \" data-wow-delay=\"ms\">\n\t\t<p>N\u00ebse keni ndonj\u00eb pyetje ose ankes\u00eb, ju lutemi t\u00eb na d\u00ebrgoni nj\u00eb email. Ekipi yn\u00eb do t\u2019ju p\u00ebrgjigjet s\u00eb shpejti.<\/p><p><label class=\"pxl-label\">Keni nevoj\u00eb p\u00ebr ndihm\u00eb?<\/label><\/p><div class=\"pxl-item--phone el-empty\"><a href=\"https:\/\/mtchallenge-westbalkan.com\/al\/+355677067676\">+355 (0) 67 706 7676<\/a><\/div>\t<\/div>\n<\/div>\t\t\t\t<\/div>\n\t\t\t\t<\/div>\n\t\t            <\/div>\r\n        <\/div>\r\n                <div class=\"elementor-column elementor-col-50 elementor-top-column elementor-element elementor-element-bf9c4dd pxl-column-element-default pxl-column-none\" data-id=\"bf9c4dd\" data-element_type=\"column\">\r\n        <div class=\"elementor-widget-wrap elementor-element-populated\">\r\n                     \r\n        \t\t<div class=\"elementor-element elementor-element-b0e4bb2 elementor-widget elementor-widget-pxl_contact_form\" data-id=\"b0e4bb2\" data-element_type=\"widget\" data-widget_type=\"pxl_contact_form.default\">\n\t\t\t\t<div class=\"elementor-widget-container\">\n\t\t\t\t\t    <div class=\"pxl-contact-form pxl-contact-form1 btn-w-auto \" data-wow-delay=\"ms\">\r\n                \n<div class=\"wpcf7 no-js\" id=\"wpcf7-f6-o1\" lang=\"en-US\" dir=\"ltr\" data-wpcf7-id=\"6\">\n<div class=\"screen-reader-response\"><p role=\"status\" aria-live=\"polite\" aria-atomic=\"true\"><\/p> <ul><\/ul><\/div>\n<form action=\"\/al\/wp-json\/wp\/v2\/pages\/124#wpcf7-f6-o1\" method=\"post\" class=\"wpcf7-form init\" aria-label=\"Contact form\" novalidate=\"novalidate\" data-status=\"init\">\n<fieldset class=\"hidden-fields-container\"><input type=\"hidden\" name=\"_wpcf7\" value=\"6\" \/><input type=\"hidden\" name=\"_wpcf7_version\" value=\"6.1.1\" \/><input type=\"hidden\" name=\"_wpcf7_locale\" value=\"en_US\" \/><input type=\"hidden\" name=\"_wpcf7_unit_tag\" value=\"wpcf7-f6-o1\" \/><input type=\"hidden\" name=\"_wpcf7_container_post\" value=\"0\" \/><input type=\"hidden\" name=\"_wpcf7_posted_data_hash\" value=\"\" \/>\n<\/fieldset>\n<div class=\"wp-row-ctf7 contact-form-custom1\">\n\t<div class=\"row pxl-group--items\">\n\t\t<div class=\"col-lg-6\">\n\t\t\t<div class=\"pxl--item your-name\">\n\t\t\t\t<p><span class=\"wpcf7-form-control-wrap\" data-name=\"your-name\"><input size=\"40\" maxlength=\"400\" class=\"wpcf7-form-control wpcf7-text wpcf7-validates-as-required\" aria-required=\"true\" aria-invalid=\"false\" value=\"Emri dhe mbiemri juaj\" type=\"text\" name=\"your-name\" \/><\/span>\n\t\t\t\t<\/p>\n\t\t\t<\/div>\n\t\t<\/div>\n\t\t<div class=\"col-lg-6\">\n\t\t\t<div class=\"pxl--item your-email\">\n\t\t\t\t<p><span class=\"wpcf7-form-control-wrap\" data-name=\"your-email\"><input size=\"40\" maxlength=\"400\" class=\"wpcf7-form-control wpcf7-email wpcf7-validates-as-required wpcf7-text wpcf7-validates-as-email\" aria-required=\"true\" aria-invalid=\"false\" value=\"E-mail\" type=\"email\" name=\"your-email\" \/><\/span>\n\t\t\t\t<\/p>\n\t\t\t<\/div>\n\t\t<\/div>\n\t\t<div class=\"col-lg-12\">\n\t\t\t<div class=\"pxl--item your-subject\">\n\t\t\t\t<p><span class=\"wpcf7-form-control-wrap\" data-name=\"your-subject\"><input size=\"40\" maxlength=\"400\" class=\"wpcf7-form-control wpcf7-text wpcf7-validates-as-required\" aria-required=\"true\" aria-invalid=\"false\" value=\"Titulli\" type=\"text\" name=\"your-subject\" \/><\/span>\n\t\t\t\t<\/p>\n\t\t\t<\/div>\n\t\t<\/div>\n\t\t<div class=\"col-lg-12\">\n\t\t\t<div class=\"pxl--item your-message\">\n\t\t\t\t<p><span class=\"wpcf7-form-control-wrap\" data-name=\"textarea-823\"><textarea cols=\"40\" rows=\"10\" maxlength=\"2000\" class=\"wpcf7-form-control wpcf7-textarea wpcf7-validates-as-required\" aria-required=\"true\" aria-invalid=\"false\" name=\"textarea-823\"><\/textarea><\/span>\n\t\t\t\t<\/p>\n\t\t\t<\/div>\n\t\t<\/div>\n\t<\/div>\n\t<div class=\"col-lg-12\">\n\t\t<div class=\"row pxl--item input-filled-btn\">\n\t\t\t<p><button type=\"submit\" class=\"btn btn-default pxl-icon--right\" data-animation=\"pxl-xspin\">D\u00cbRGO EMAIL <i class=\"i-plus\"><\/i><\/button>\n\t\t\t<\/p>\n\t\t<\/div>\n\t<\/div>\n<\/div><div class=\"wpcf7-response-output\" aria-hidden=\"true\"><\/div>\n<\/form>\n<\/div>\n    <\/div>\r\n\t\t\t\t<\/div>\n\t\t\t\t<\/div>\n\t\t            <\/div>\r\n        <\/div>\r\n        \t\t\t<\/div>\n\t\t<\/section>\n\t\t\t\t<\/div>\n\t\t","protected":false},"excerpt":{"rendered":"<p>NA D\u00cbRGONI EMAIL NA SHKRUANI N\u00cbSE KENI NDONJ\u00cb PYETJE RRETH GAR\u00cbS MT CHALLENGE N\u00ebse keni ndonj\u00eb pyetje ose ankes\u00eb, ju lutemi t\u00eb na d\u00ebrgoni nj\u00eb email. Ekipi yn\u00eb do t\u2019ju p\u00ebrgjigjet s\u00eb shpejti. Keni nevoj\u00eb p\u00ebr ndihm\u00eb? +355 (0) 67 706 7676 D\u00cbRGO EMAIL<\/p>\n","protected":false},"author":1,"featured_media":0,"parent":0,"menu_order":0,"comment_status":"closed","ping_status":"closed","template":"","meta":{"footnotes":""},"class_list":["post-124","page","type-page","status-publish","hentry"],"_links":{"self":[{"href":"https:\/\/mtchallenge-westbalkan.com\/al\/wp-json\/wp\/v2\/pages\/124","targetHints":{"allow":["GET"]}}],"collection":[{"href":"https:\/\/mtchallenge-westbalkan.com\/al\/wp-json\/wp\/v2\/pages"}],"about":[{"href":"https:\/\/mtchallenge-westbalkan.com\/al\/wp-json\/wp\/v2\/types\/page"}],"author":[{"embeddable":true,"href":"https:\/\/mtchallenge-westbalkan.com\/al\/wp-json\/wp\/v2\/users\/1"}],"replies":[{"embeddable":true,"href":"https:\/\/mtchallenge-westbalkan.com\/al\/wp-json\/wp\/v2\/comments?post=124"}],"version-history":[{"count":17,"href":"https:\/\/mtchallenge-westbalkan.com\/al\/wp-json\/wp\/v2\/pages\/124\/revisions"}],"predecessor-version":[{"id":9348,"href":"https:\/\/mtchallenge-westbalkan.com\/al\/wp-json\/wp\/v2\/pages\/124\/revisions\/9348"}],"wp:attachment":[{"href":"https:\/\/mtchallenge-westbalkan.com\/al\/wp-json\/wp\/v2\/media?parent=124"}],"curies":[{"name":"wp","href":"https:\/\/api.w.org\/{rel}","templated":true}]}}